{"id":19,"date":"2014-06-10T11:07:32","date_gmt":"2014-06-10T11:07:32","guid":{"rendered":"http:\/\/www.la-boite.it\/v2\/?page_id=19"},"modified":"2014-06-28T15:21:01","modified_gmt":"2014-06-28T15:21:01","slug":"chi-siamo","status":"publish","type":"page","link":"https:\/\/www.la-boite.it\/v2\/?page_id=19","title":{"rendered":"chi siamo"},"content":{"rendered":"<table class=\"contentpaneopen justify\" style=\"color: #646464;\">\n<tbody>\n<tr>\n<td valign=\"top\">\n\r\n<div class=\"flexslider ssp_slider_default\" id=\"slider_291\" data-slider_id=\"291\" data-slider_options=\"{&quot;animation&quot;:&quot;slide&quot;,&quot;slideshow&quot;:true,&quot;h_responsive&quot;:true,&quot;height&quot;:&quot;&quot;,&quot;w_responsive&quot;:true,&quot;width&quot;:&quot;&quot;,&quot;direction&quot;:&quot;horizontal&quot;,&quot;cycle_speed&quot;:&quot;5&quot;,&quot;animation_speed&quot;:&quot;0.6&quot;,&quot;control_nav&quot;:true,&quot;direction_nav&quot;:true,&quot;keyboard_nav&quot;:true,&quot;touch_nav&quot;:true,&quot;linkable&quot;:true,&quot;pause_on_hover&quot;:true,&quot;caption_box&quot;:false,&quot;thumbnail_navigation&quot;:false}\">\r\n\r\n<ul class=\"slides ssp_slider wsp_default_skin\">\r\n\r\n  <li class=\"slide\" data-thumb=\"http:\/\/www.la-boite.it\/v2\/wp-content\/uploads\/2014\/06\/slide01-300x240.jpg\">\r\n\r\n        \r\n                  <a href=\"http:\/\/www.la-boite.it\/v2\/wp-content\/uploads\/2014\/06\/slide01.jpg\" target=\"_self\"><img alt=\"\" class=\"slide_image\" src=\"http:\/\/www.la-boite.it\/v2\/wp-content\/uploads\/2014\/06\/slide01.jpg\" \/><\/a>\r\n          \r\n    \r\n    \r\n  <\/li>\r\n  <li class=\"slide\" data-thumb=\"http:\/\/www.la-boite.it\/v2\/wp-content\/uploads\/2014\/06\/slide02-300x240.jpg\">\r\n\r\n        \r\n                  <a href=\"http:\/\/www.la-boite.it\/v2\/wp-content\/uploads\/2014\/06\/slide02.jpg\" target=\"_self\"><img alt=\"\" class=\"slide_image\" src=\"http:\/\/www.la-boite.it\/v2\/wp-content\/uploads\/2014\/06\/slide02.jpg\" \/><\/a>\r\n          \r\n    \r\n    \r\n  <\/li>\r\n  <li class=\"slide\" data-thumb=\"http:\/\/www.la-boite.it\/v2\/wp-content\/uploads\/2014\/06\/slide03-300x240.jpg\">\r\n\r\n        \r\n                  <a href=\"http:\/\/www.la-boite.it\/v2\/wp-content\/uploads\/2014\/06\/slide03.jpg\" target=\"_self\"><img alt=\"\" class=\"slide_image\" src=\"http:\/\/www.la-boite.it\/v2\/wp-content\/uploads\/2014\/06\/slide03.jpg\" \/><\/a>\r\n          \r\n    \r\n    \r\n  <\/li>\r\n  <li class=\"slide\" data-thumb=\"http:\/\/www.la-boite.it\/v2\/wp-content\/uploads\/2014\/06\/slide04-300x240.jpg\">\r\n\r\n        \r\n                  <a href=\"http:\/\/www.la-boite.it\/v2\/wp-content\/uploads\/2014\/06\/slide04.jpg\" target=\"_self\"><img alt=\"\" class=\"slide_image\" src=\"http:\/\/www.la-boite.it\/v2\/wp-content\/uploads\/2014\/06\/slide04.jpg\" \/><\/a>\r\n          \r\n    \r\n    \r\n  <\/li>\r\n  <li class=\"slide\" data-thumb=\"http:\/\/www.la-boite.it\/v2\/wp-content\/uploads\/2014\/06\/slide05-300x240.jpg\">\r\n\r\n        \r\n                  <a href=\"http:\/\/www.la-boite.it\/v2\/wp-content\/uploads\/2014\/06\/slide05.jpg\" target=\"_self\"><img alt=\"\" class=\"slide_image\" src=\"http:\/\/www.la-boite.it\/v2\/wp-content\/uploads\/2014\/06\/slide05.jpg\" \/><\/a>\r\n          \r\n    \r\n    \r\n  <\/li>\r\n  <li class=\"slide\" data-thumb=\"http:\/\/www.la-boite.it\/v2\/wp-content\/uploads\/2014\/06\/slide06-300x240.jpg\">\r\n\r\n        \r\n                  <a href=\"http:\/\/www.la-boite.it\/v2\/wp-content\/uploads\/2014\/06\/slide06.jpg\" target=\"_self\"><img alt=\"\" class=\"slide_image\" src=\"http:\/\/www.la-boite.it\/v2\/wp-content\/uploads\/2014\/06\/slide06.jpg\" \/><\/a>\r\n          \r\n    \r\n    \r\n  <\/li>\r\n  <li class=\"slide\" data-thumb=\"http:\/\/www.la-boite.it\/v2\/wp-content\/uploads\/2014\/06\/slide07-300x240.jpg\">\r\n\r\n        \r\n                  <a href=\"http:\/\/www.la-boite.it\/v2\/wp-content\/uploads\/2014\/06\/slide07.jpg\" target=\"_self\"><img alt=\"\" class=\"slide_image\" src=\"http:\/\/www.la-boite.it\/v2\/wp-content\/uploads\/2014\/06\/slide07.jpg\" \/><\/a>\r\n          \r\n    \r\n    \r\n  <\/li>\r\n  <li class=\"slide\" data-thumb=\"http:\/\/www.la-boite.it\/v2\/wp-content\/uploads\/2014\/06\/slide08-300x240.jpg\">\r\n\r\n        \r\n                  <a href=\"http:\/\/www.la-boite.it\/v2\/wp-content\/uploads\/2014\/06\/slide08.jpg\" target=\"_self\"><img alt=\"\" class=\"slide_image\" src=\"http:\/\/www.la-boite.it\/v2\/wp-content\/uploads\/2014\/06\/slide08.jpg\" \/><\/a>\r\n          \r\n    \r\n    \r\n  <\/li>\r\n\r\n<\/ul>\r\n\r\n<\/div><\/p>\n<h6 style=\"text-align: justify;\"><strong style=\"color: #ee2a7b;\">bo\u00eete, sf scatola; officina, fabbrica;<\/strong><br style=\"color: #646464;\" \/><span style=\"color: #646464;\">bo\u00eete craienne, scatola cranica; bo\u00eete de nuite, locale notturno; bo\u00eete aux lettres, buca delle lettere; bo\u00eete \u00e0 bijoux, cofanetto per gioielli; bo\u00eete \u00e0 musique, carillion; bo\u00eete \u00e0 feu macchina del fumo; bo\u00eete \u00e0 ordures, pattumiera; la bo\u00eete Pandore, il vaso di Pandora; ferme la bo\u00eete!(pop) chiudi la bocca!<\/span><\/h6>\n<p>&nbsp;<\/p>\n<h6 style=\"text-align: justify;\"><strong style=\"color: #ee2a7b;\">Cosa facciamo:<\/strong><br \/>\nLa bo\u00eete si colloca nel contesto della comunicazione visiva attraverso l&#8217;<strong>ENTERTAINMENT<\/strong>: come puro strumento ludico e soprattutto come veicolo di contenuti per distribuire e promuovere marchi o prodotti.<br \/>\nCARTOON, VIDEOGAME, CHARACTER DESIGN, PRODOTTI INTERATTIVI, CAMPAGNE PUBBLICITARIE, SIGLE TELEVISIVE, OPERAZIONI DI LEARNING, SUPPORTI PER EVENTI.La bo\u00eete \u00e8 un \u201cofficina pensante\u201d il cui core business \u00e8 l\u2019ideazione di concept, di contenuti, di sistemi innovativi e la successiva caratterizzazione di progetti multimediali attraverso uno stile unico e distintivo.<br \/>\nQuindi la consulenza per clienti ed agenzie \u00e8 la principale occupazione, ma anche lo sviluppo dell\u2019intero percorso per la creazione di uno spot, di un sito, di una webcommunity; dal soggetto alla realizzazione tecnica, mantenendo la direzione artistica totale o in cooperazione con il direttore creativo designato.<\/h6>\n<h6 style=\"text-align: justify;\">La ricerca continua attraverso l\u2019autoproduzione, garantisce di potersi presentare alle richieste del cliente con dei sistemi tecnici e dei linguaggi altamente innovativi.<br \/>\n<strong><span style=\"color: #ee2a7b;\">Arte e artigianalit\u00e0 confezionano i prodotti con un impatto visivo ritagliato sul profilo del cliente e sulle caratteristiche dell&#8217;utenza a cui si rivolge, lo stile di impronta internazionale, \u00e8 sempre consapevolmente legato alle origini di appartenza.<\/span><\/strong><\/h6>\n<p>&nbsp;<br \/>\nQuindi:<br \/>\n<strong>ideazione concept<\/strong>+<strong>codirezione artistica<\/strong><br \/>\n<strong>ideazione concept<\/strong>+<strong>realizzazione prodotto con direzione artistica<\/strong><br \/>\n<strong>ideazione e sviluppo<\/strong>\u00a0interno di progetti innovativi.<br \/>\n&nbsp;<\/p>\n<h6 style=\"text-align: justify;\"><span style=\"color: #646464;\"><strong><span style=\"color: #ee2a7b;\">lo staff:<\/span><\/strong><br \/>\nL\u2019esperienza maturata nei diversi ambiti della comunicazione ha permesso di selezionare una rete di collaboratori di alto profilo.<\/span><br style=\"color: #646464;\" \/><span style=\"color: #646464;\">A partire dall\u2019imprescindibile contenuto di ideazione e direzione artistica, il contenuto concettuale, testuale e visivo viene valorizzato dall\u2019apporto di figure tecniche che ottimizzano le prestazioni e la fruibilit\u00e0 per supporti digitali e per il web.<\/span><\/h6>\n<p>&nbsp;<\/p>\n<h6 style=\"color: #646464; text-align: justify;\"><strong><span style=\"color: #ee2a7b;\">Le nostre creazioni per:<\/span><\/strong><br \/>\nAltaroma Altamoda,\u00a0A.M.A Group,\u00a0Bilancioni,\u00a0Cinecitt\u00e0 entertainment, Enel, Fishouse,\u00a0Guida Monaci s.p.a,\u00a0Hangar Per Italia Uno,\u00a0Il Riformista,\u00a0Interferenze S.P.A, Lid group,\u00a0J.W.T. ,\u00a0Liquirizia Amarelli,\u00a0La7,\u00a0Presidenza del Consiglio dei Ministri,\u00a0Rai,\u00a0Rmg Connect,\u00a0Romafashion,\u00a0Romagnoli Calzature,\u00a0Saatchi &amp; Saatchi,\u00a0Telecom Italia,\u00a0Set Produzioni,\u00a0Worldwide Grey<\/h6>\n<p>&nbsp;<\/p>\n<p>Per informazioni: <a href=\"mailto:info@la-boite.it\">info@la-boite.it<\/a><\/td>\n<\/tr>\n<\/tbody>\n<\/table>\n","protected":false},"excerpt":{"rendered":"<p>bo\u00eete, sf scatola; officina, fabbrica;bo\u00eete craienne, scatola cranica; bo\u00eete de nuite, locale notturno; bo\u00eete aux lettres, buca delle lettere; bo\u00eete&#8230;<\/p>\n","protected":false},"author":1,"featured_media":0,"parent":0,"menu_order":0,"comment_status":"closed","ping_status":"closed","template":"template-full-width.php","meta":[],"_links":{"self":[{"href":"https:\/\/www.la-boite.it\/v2\/index.php?rest_route=\/wp\/v2\/pages\/19"}],"collection":[{"href":"https:\/\/www.la-boite.it\/v2\/index.php?rest_route=\/wp\/v2\/pages"}],"about":[{"href":"https:\/\/www.la-boite.it\/v2\/index.php?rest_route=\/wp\/v2\/types\/page"}],"author":[{"embeddable":true,"href":"https:\/\/www.la-boite.it\/v2\/index.php?rest_route=\/wp\/v2\/users\/1"}],"replies":[{"embeddable":true,"href":"https:\/\/www.la-boite.it\/v2\/index.php?rest_route=%2Fwp%2Fv2%2Fcomments&post=19"}],"version-history":[{"count":15,"href":"https:\/\/www.la-boite.it\/v2\/index.php?rest_route=\/wp\/v2\/pages\/19\/revisions"}],"predecessor-version":[{"id":296,"href":"https:\/\/www.la-boite.it\/v2\/index.php?rest_route=\/wp\/v2\/pages\/19\/revisions\/296"}],"wp:attachment":[{"href":"https:\/\/www.la-boite.it\/v2\/index.php?rest_route=%2Fwp%2Fv2%2Fmedia&parent=19"}],"curies":[{"name":"wp","href":"https:\/\/api.w.org\/{rel}","templated":true}]}}